{"id":243,"date":"2014-09-09T08:36:00","date_gmt":"2014-09-09T06:36:00","guid":{"rendered":"http:\/\/www.lanternadimarcopolo.com\/?page_id=243"},"modified":"2014-09-12T17:14:23","modified_gmt":"2014-09-12T15:14:23","slug":"situacion","status":"publish","type":"page","link":"https:\/\/www.lanternadimarcopolo.com\/en\/situacion\/","title":{"rendered":"Situaci\u00f3n"},"content":{"rendered":"<p>[googlemap width=&#8221;100%&#8221; zoom=14 latitude=45.436643 longitude=12.337367]<\/p>\n<p>La Lanterna de San Marco se encuentra en el coraz\u00f3n de Venecia, en el barrio central de San Marco. Somos en una posici\u00f3n estrat\u00e9gica cerca del Ponte de Rialto, a s\u00f3lo 5 minutos del Ponte dell\u2019Accademia y 2 minutos a pie de Piazza San Marco.<\/p>\n<p>Lugares de inter\u00e9s cercanos:<br \/>\n\u2022 Iglesia de San Salvador (0,1 km)<br \/>\n\u2022 Ponte de Rialto (0,2 km)<br \/>\n\u2022 Bas\u00edlica de San Marco (0,3 km)<br \/>\n\u2022 Piazza S. Marco (0,3 km)<br \/>\n\u2022 Galer\u00edas de la Accademia (1,1km)<\/p>\n<h3 class=\"title-style1\">Como alcanzar el hotel<\/h3>\n<div class=\"title-block\"><\/div>\n<p><strong>En avi\u00f3n<\/strong><br \/>\nEl Aeropuerto Marco Polo de Venecia es el m\u00e1s cercano (10 km), aunque el de Treviso (30 km) puede ser igualmente c\u00f3modo.<\/p>\n<p>En cuanto salen del <strong>Aeropuerto Marco Polo de Venecia<\/strong> sigan la acera a la izquierda para 300 metros hasta un peque\u00f1o puerto. Aqu\u00ed cojan la lancha &#8220;Alilaguna&#8221; (l\u00ednea NARANJO) que les conducir\u00e1 en unos 40 minutos hasta Rialto. En cuanto bajan a Rialto Carbon, giren a la izquierda y luego la primera calle a la derecha &#8220;Calle Larga Mazzini&#8221; hasta el Campo San Salvador. Se econtrar\u00e1n frente a la calle &#8220;Mercerie San Salvador&#8221;, recorranla sin girar para unos 150 metros. Nuestra estructura se encuentra a la izquierda frente a Poste Centrali (oficina de correos) y antes del &#8220;Sottoportego delle Acque&#8221;.<\/p>\n<p>Como alternativa, siempre del Aeropuerto Marco Polo pueden coger el autob\u00fas que les llevar\u00e1 en unos 25 minutos en Piazzale Roma (Car Terminal de Venecia).<\/p>\n<p>Del <strong>Aeropuerto  de Treviso<\/strong> pueden coger la lanzadera de la empresa Ryanair hasta Venecia Piazzale Roma. El trayecto dura unos 60 minutos.<\/p>\n<p><strong>Desde P.le Roma<\/strong><br \/>\nPiazzale Roma es la estaci\u00f3n de los autob\u00fases y principal punto de llegada en Venecia. Desde aqu\u00ed pueden coger el vaporetto l\u00ednea 2 hasta la parada Rialto (unos 10 minutos).<\/p>\n<p><strong>Desde la Estaci\u00f3n Central de Santa Lucia<\/strong><br \/>\nEn cuanto alcanzada la estaci\u00f3n de ferrocarril de Venecia S. Lucia, pueden coger el vaporetto l\u00ednea 2 y bajar a la parada de Rialto (unos 10 minutos).<\/p>\n<p><strong>Desde Rialto<\/strong><br \/>\nSi llegan o bajan a la parada del vaporetto de Rialto, giren a la derecha y luego la primera calle a la izquierda &#8220;Calle Larga Mazzini&#8221; hasta el Campo San Salvador. Se econtrar\u00e1n frente a la calle &#8220;Mercerie San Salvador&#8221;, recorranla sin girar para unos 150 metros. Nuestra estructura se encuentra a la izquierda frente a Poste Centrali (oficina de correos) y antes del &#8220;Sottoportego delle Acque&#8221;.<\/p>","protected":false},"excerpt":{"rendered":"<p>[googlemap width=&#8221;100%&#8221; zoom=14 latitude=45.436643 longitude=12.337367] La Lanterna de San Marco se encuentra en el coraz\u00f3n de Venecia, en el barrio central de San Marco. Somos en una posici\u00f3n estrat\u00e9gica cerca del Ponte de Rialto, a s\u00f3lo 5 minutos del Ponte dell\u2019Accademia y 2 minutos a pie de Piazza San Marco. Lugares de inter\u00e9s cercanos: \u2022 [&hellip;]<\/p>","protected":false},"author":1,"featured_media":0,"parent":0,"menu_order":0,"comment_status":"closed","ping_status":"closed","template":"page-templates\/template-right-sidebar.php","meta":{"inline_featured_image":false},"_links":{"self":[{"href":"https:\/\/www.lanternadimarcopolo.com\/en\/wp-json\/wp\/v2\/pages\/243"}],"collection":[{"href":"https:\/\/www.lanternadimarcopolo.com\/en\/wp-json\/wp\/v2\/pages"}],"about":[{"href":"https:\/\/www.lanternadimarcopolo.com\/en\/wp-json\/wp\/v2\/types\/page"}],"author":[{"embeddable":true,"href":"https:\/\/www.lanternadimarcopolo.com\/en\/wp-json\/wp\/v2\/users\/1"}],"replies":[{"embeddable":true,"href":"https:\/\/www.lanternadimarcopolo.com\/en\/wp-json\/wp\/v2\/comments?post=243"}],"version-history":[{"count":0,"href":"https:\/\/www.lanternadimarcopolo.com\/en\/wp-json\/wp\/v2\/pages\/243\/revisions"}],"wp:attachment":[{"href":"https:\/\/www.lanternadimarcopolo.com\/en\/wp-json\/wp\/v2\/media?parent=243"}],"curies":[{"name":"wp","href":"https:\/\/api.w.org\/{rel}","templated":true}]}}